{"id":7,"date":"2014-09-23T07:05:50","date_gmt":"2014-09-23T05:05:50","guid":{"rendered":"https:\/\/intranet.velkytynec.cz\/?page_id=7"},"modified":"2024-10-24T13:33:55","modified_gmt":"2024-10-24T11:33:55","slug":"dokumenty","status":"publish","type":"page","link":"https:\/\/intranet.velkytynec.cz\/?page_id=7","title":{"rendered":"Dokumenty"},"content":{"rendered":"<p>Platn\u00fd cen\u00edk <a href=\"https:\/\/intranet.velkytynec.cz\/wp-content\/uploads\/2014\/09\/Cenik2020.jpg\">ZDE<\/a><\/p>\n<p>Smlouva s klienty <a href=\"https:\/\/intranet.velkytynec.cz\/wp-content\/uploads\/2014\/09\/smlouva.pdf\">ZDE<\/a><\/p>\n<p>Pravidla s\u00edt\u011b <a href=\"https:\/\/intranet.velkytynec.cz\/wp-content\/uploads\/2014\/09\/pravidla.pdf\">ZDE<\/a><\/p>\n<p>Prihl\u00e1\u0161ka k optick\u00e9 s\u00edti <a href=\"https:\/\/intranet.velkytynec.cz\/wp-content\/uploads\/2019\/04\/prihlaska_optika.doc\">ZDE<\/a><\/p>\n<p>Seznam \u010dp pro p\u0159ipojen\u00ed na optiku <a href=\"https:\/\/intranet.velkytynec.cz\/wp-content\/uploads\/2024\/10\/seznam_cp.pdf\">ZDE<\/a><\/p>\n<p>Specifikace rozhran\u00ed <a href=\"https:\/\/intranet.velkytynec.cz\/wp-content\/uploads\/2014\/09\/specifikace1.pdf\">ZDE<\/a><\/p>\n<p>pro prohl\u00ed\u017een\u00ed p\u0159\u00edloh doporu\u010dujeme Acrobat reader <a title=\"Instaluj Acrobat reader\" href=\"http:\/\/get.adobe.com\/cz\/reader\/\" target=\"_blank\" rel=\"noopener noreferrer\"><img loading=\"lazy\" decoding=\"async\" class=\"alignnone size-full wp-image-14\" src=\"https:\/\/intranet.velkytynec.cz\/wp-content\/uploads\/2014\/09\/acrobat.jpg\" alt=\"acrobat\" width=\"135\" height=\"45\" \/><\/a><\/p>\n","protected":false},"excerpt":{"rendered":"<p>Platn\u00fd cen\u00edk ZDE Smlouva s klienty ZDE Pravidla s\u00edt\u011b ZDE Prihl\u00e1\u0161ka k optick\u00e9 s\u00edti ZDE Seznam \u010dp pro p\u0159ipojen\u00ed na optiku ZDE Specifikace rozhran\u00ed ZDE pro prohl\u00ed\u017een\u00ed p\u0159\u00edloh doporu\u010dujeme Acrobat reader<\/p>\n","protected":false},"author":1,"featured_media":0,"parent":0,"menu_order":0,"comment_status":"closed","ping_status":"closed","template":"","meta":{"footnotes":""},"class_list":["post-7","page","type-page","status-publish","hentry"],"_links":{"self":[{"href":"https:\/\/intranet.velkytynec.cz\/index.php?rest_route=\/wp\/v2\/pages\/7","targetHints":{"allow":["GET"]}}],"collection":[{"href":"https:\/\/intranet.velkytynec.cz\/index.php?rest_route=\/wp\/v2\/pages"}],"about":[{"href":"https:\/\/intranet.velkytynec.cz\/index.php?rest_route=\/wp\/v2\/types\/page"}],"author":[{"embeddable":true,"href":"https:\/\/intranet.velkytynec.cz\/index.php?rest_route=\/wp\/v2\/users\/1"}],"replies":[{"embeddable":true,"href":"https:\/\/intranet.velkytynec.cz\/index.php?rest_route=%2Fwp%2Fv2%2Fcomments&post=7"}],"version-history":[{"count":7,"href":"https:\/\/intranet.velkytynec.cz\/index.php?rest_route=\/wp\/v2\/pages\/7\/revisions"}],"predecessor-version":[{"id":268,"href":"https:\/\/intranet.velkytynec.cz\/index.php?rest_route=\/wp\/v2\/pages\/7\/revisions\/268"}],"wp:attachment":[{"href":"https:\/\/intranet.velkytynec.cz\/index.php?rest_route=%2Fwp%2Fv2%2Fmedia&parent=7"}],"curies":[{"name":"wp","href":"https:\/\/api.w.org\/{rel}","templated":true}]}}