{"id":2,"date":"2014-04-02T11:11:40","date_gmt":"2014-04-02T09:11:40","guid":{"rendered":"https:\/\/intranet.velkytynec.cz\/?page_id=2"},"modified":"2018-12-29T10:51:31","modified_gmt":"2018-12-29T08:51:31","slug":"zkusebni-stranka","status":"publish","type":"page","link":"https:\/\/intranet.velkytynec.cz\/?page_id=2","title":{"rendered":"Ot\u00e1zky a odpov\u011bdi"},"content":{"rendered":"<p><b>Jak prov\u00e9st instalaci?<\/b><\/p>\n<blockquote><p>Kompletn\u00ed servis (dod\u00e1vka, instalace, nastaven\u00ed) je zaji\u0161t\u011bn spr\u00e1vcem na telefonu 775282789. U\u017eivatel\u00e9 si mohou sami sehnat a zakoupit vlastn\u00ed HW po dop\u0159edn\u00e9 konzultaci se spr\u00e1vcem s\u00edt\u011b. P\u0159\u00edstup bude pot\u00e9 p\u0159id\u011blen spr\u00e1vcem. Takov\u00fd u\u017eivatel si pak vy\u0159\u00edd\u00ed s\u00e1m pot\u0159ebn\u00e9 dokumenty u starosty obce.<\/p><\/blockquote>\n<p><b>Jak se p\u0159ihl\u00e1sit?<\/b><\/p>\n<blockquote><p>Je nutn\u00e9 sepsat smlouvu na obecn\u00edm \u00fa\u0159adu. N\u00e1sledn\u011b kontaktujete spr\u00e1vce s\u00edt\u011b. Kontakt dostanete p\u0159i podpisu smlouvy nebo jej najdete na t\u011bchto str\u00e1nk\u00e1ch.<\/p><\/blockquote>\n<p><b>Kdo m\u016f\u017ee b\u00fdt \u010dlenem?<\/b><\/p>\n<blockquote><p>Klientem komunitn\u00ed s\u00edt\u011b se m\u016f\u017ee st\u00e1t ka\u017ed\u00fd ob\u010dan \u017eij\u00edc\u00ed v obci Velk\u00fd T\u00fdnec, \u010cechovice nebo Vsisko. Anebo ob\u010dan vlastn\u00edc\u00ed zde nemovitost, p\u0159\u00edpadn\u011b osoba, kter\u00e1 v t\u011bchto obc\u00edch podnik\u00e1.<\/p><\/blockquote>\n<p><b>Kdo pom\u016f\u017ee kdy\u017e pot\u0159ebuji?<\/b><\/p>\n<blockquote><p>Email: schneider@velkytynec.cz, mobil: 775 282 789, 602 585 789\u00a0 od po &#8211; pa 8:00hod &#8211; 18:00hod nebo nonstop z\u00e1znamn\u00edk pro hl\u00e1\u0161en\u00ed poruch je<\/p>\n<h1 class=\"big-tel\">587571432<\/h1>\n<\/blockquote>\n<p><span style=\"color: #000000;\"><strong>Jak\u00e9 omezen\u00ed se pou\u017e\u00edvaj\u00ed uvnit\u0159 s\u00edt<\/strong><\/span><br \/>\nD\u00e1le filtrujeme ve\u0161ker\u00fd odchoz\u00ed provoz na portu 25. (Obvykle se jedn\u00e1 o odchoz\u00ed po\u0161tu z klientk\u00fdch program\u016f jako je Outlook a podobn\u011b). Je to z d\u016fvodu\u00a0\u00a0 SPAMu<br \/>\nPokud by n\u011bkdo tyto porty k n\u011b\u010demu pot\u0159eboval, nech\u0165 kontaktuje admina na schneider@velkytynec.cz.<\/p>\n<p><span style=\"color: #000000;\"><b>Jak m\u00e1m nastavit server odchoz\u00ed po\u0161ty?<\/b><\/span><\/p>\n<blockquote><p>Port 25 pro jednoduch\u00e9 nezabezpe\u010den\u00e9 spojen\u00ed s po\u0161tovn\u00edm serverem je v s\u00edti zak\u00e1z\u00e1n. Je nutn\u00e9 pou\u017e\u00edt jen zabezpe\u010den\u00e9 spojen\u00ed Va\u0161eho poskytovatele emailov\u00e9 schr\u00e1nky. V\u011bt\u0161inou n\u00e1vod najdete na webu poskytovatele emailov\u00e9 slu\u017eby. Nap\u0159. schr\u00e1nky na <a title=\"Nastaven\u00ed SMTP SEZNAM\" href=\"http:\/\/napoveda.seznam.cz\/cz\/imap-pop3-smtp.html\" target=\"_blank\" rel=\"noopener\">SEZNAM.CZ<\/a> a <a title=\"Nastaven\u00ed SMTP CENTRUM\" href=\"http:\/\/napoveda.centrum.cz\/index.php?\/Knowledgebase\/Article\/View\/12\/1\/\" target=\"_blank\" rel=\"noopener\">CENTRUM.CZ<\/a>\u00a0 a <a title=\"Nastaven\u00ed pro GOOGLE\" href=\"http:\/\/ga.natur.cuni.cz\/navody-pro-uzivatele\" target=\"_blank\" rel=\"noopener\">GOOGLE.COM<\/a> apod.<\/p><\/blockquote>\n<p>&nbsp;<\/p>\n","protected":false},"excerpt":{"rendered":"<p>Jak prov\u00e9st instalaci? Kompletn\u00ed servis (dod\u00e1vka, instalace, nastaven\u00ed) je zaji\u0161t\u011bn spr\u00e1vcem na telefonu 775282789. U\u017eivatel\u00e9 si mohou sami sehnat a zakoupit vlastn\u00ed HW po dop\u0159edn\u00e9 konzultaci se spr\u00e1vcem s\u00edt\u011b. P\u0159\u00edstup bude pot\u00e9 p\u0159id\u011blen spr\u00e1vcem. Takov\u00fd u\u017eivatel si pak vy\u0159\u00edd\u00ed s\u00e1m pot\u0159ebn\u00e9 dokumenty u starosty obce. Jak se p\u0159ihl\u00e1sit? Je nutn\u00e9 sepsat smlouvu na obecn\u00edm \u00fa\u0159adu. [&hellip;]<\/p>\n","protected":false},"author":1,"featured_media":0,"parent":0,"menu_order":0,"comment_status":"closed","ping_status":"closed","template":"","meta":{"footnotes":""},"class_list":["post-2","page","type-page","status-publish","hentry"],"_links":{"self":[{"href":"https:\/\/intranet.velkytynec.cz\/index.php?rest_route=\/wp\/v2\/pages\/2","targetHints":{"allow":["GET"]}}],"collection":[{"href":"https:\/\/intranet.velkytynec.cz\/index.php?rest_route=\/wp\/v2\/pages"}],"about":[{"href":"https:\/\/intranet.velkytynec.cz\/index.php?rest_route=\/wp\/v2\/types\/page"}],"author":[{"embeddable":true,"href":"https:\/\/intranet.velkytynec.cz\/index.php?rest_route=\/wp\/v2\/users\/1"}],"replies":[{"embeddable":true,"href":"https:\/\/intranet.velkytynec.cz\/index.php?rest_route=%2Fwp%2Fv2%2Fcomments&post=2"}],"version-history":[{"count":6,"href":"https:\/\/intranet.velkytynec.cz\/index.php?rest_route=\/wp\/v2\/pages\/2\/revisions"}],"predecessor-version":[{"id":218,"href":"https:\/\/intranet.velkytynec.cz\/index.php?rest_route=\/wp\/v2\/pages\/2\/revisions\/218"}],"wp:attachment":[{"href":"https:\/\/intranet.velkytynec.cz\/index.php?rest_route=%2Fwp%2Fv2%2Fmedia&parent=2"}],"curies":[{"name":"wp","href":"https:\/\/api.w.org\/{rel}","templated":true}]}}